{"id":18,"date":"2022-06-17T20:17:25","date_gmt":"2022-06-17T20:17:25","guid":{"rendered":"https:\/\/clean-rohr-sz.de\/wp\/home\/"},"modified":"2025-09-17T16:26:44","modified_gmt":"2025-09-17T16:26:44","slug":"herzlich-willkommen","status":"publish","type":"page","link":"https:\/\/clean-rohr-sz.de\/wp\/","title":{"rendered":""},"content":{"rendered":"\n\n\n\nCRS-Salzgitter\n\n\n\n\n\n\n\n\n\n\n\n\n\nIhre Rohrreingung f\u00fcr Salzgitter &amp; Umgebung\n\n\n\n\n\n\n\n\n\n\n\n\n\nHerzlich willkommen\n\n\n\n\n\n<h4>Kontakt &#038; B\u00fcro-\u00d6ffnungszeiten<br><br><\/h4\n\n\nMontag - Freitag\n\n\n08:00 - 17:30\n\n\n\n\nSamstag\n\n\n08:00 - 14:00\n\n\n\n\n\n\n\n\n\n\n\n\n\n\n\n\n\n\n\n\n\nDas Team f\u00fcr Rohrreinigung, sowie&nbsp;Sanit\u00e4rreparaturen aus Salzgitter\n\n\n\n\n\nDer Abfluss ihrer Toilette ist verstopft?<br><br>\nDas Wasser im K\u00fcchenwaschbecken flie\u00dft langsam oder gar nicht ab ? <br><br>\nMit chemikalien oder dem P\u00fcmpel bekommen Sie die Rohre nicht frei?<br><br>\nSie haben einen Wasserschaden nach oder einen Rohrbruch?<br><br>\nSie sind genervt von wiederkehrenden Verstopfungen ihrer Rohrleitungen? <br><br>\n\nIhr Rohr- und Abflusssystem ist in die Jahre gekommen und muss saniert werden?<br><br><br><br>\n\n<strong>Dann sind wir der richtige Ansprechpartner f\u00fcr Sie. <\/strong><br><br>\n \nDas Team von CRS-Salzgitter l\u00f6st ihr Problem schnell, sauber und zuverl\u00e4ssig. \n<br><br>\nWir geben gerne Ratschl\u00e4ge und Tipps, damit ihre Rohrleitungen auch zuk\u00fcnftig nicht zu Problemen f\u00fchren.\n\n\n\n\n\n\nCRS-Salzgitter\nDas Unternehmen wurde 2012 gegr\u00fcndet ist auf dem Gebiet der Rohrreinigung spezialisiert. <br><br><br>\n<strong>Zu den Kunden z\u00e4hlen sowohl Privat- als Gewerbekunden.<\/strong><br><br> \nDas Unternehmen deckt s\u00e4mtliche Kundenanfragen in und um Salzgitter ab.\n<br><br>\nDaher ist das Team von CRS \u00fcberregional verteten.\nVor allem die Flexibilit\u00e4t und die hohe Einsatzbereitschaft zeichnet das Unternehmen aus.\n\n\nUnsere Leistungen\n\n\n\n\n\n\n\n\n\nMit der Zeit lagern sich Verunreinigungen in den Rohren. \nMit Hausmitteln und handels\u00fcblichen Mitteln kann man milde Verstopfungen noch beseitigen. <br><br>\n\nNach und nach werden Verunreinigungen bzw. Verstopfung hartn\u00e4ckiger und anderem durch chemische Reaktionen. \n<br><br>\nDie Verstopfung l\u00e4sst sich dann nicht mehr durch einfache Mitteln l\u00f6sen, sodass professionelle Hilfe ben\u00f6tigt wird.\n\n\n\n\n\n\nEine Sanit\u00e4rreparatur ist empfehlenswert, wenn h\u00e4ufig Sp\u00fclk\u00e4sten und Armaturen tropfen, sowie Geruchsverschl\u00fcsse und Ventile verschlei\u00dft sind.<br><br>\nEs besteht die Gefahr, dass Leckagen schwere Sch\u00e4den an der Geb\u00e4udesubstanz verursachen k\u00f6nnen. <br>\nBei Toiletten k\u00f6nnen zus\u00e4tzlich Geruchsprobleme auftreten. <br><br>H\u00e4ufig sind die Probleme durch eine unkomplizierte und professionelle Reparatur beseitigt.\n\n\n\n\n\n\nAnhand dieser Methode besteht die M\u00f6glichkeit, den Standort und den Art des Rohrschadens zu ermitteln. \n<br><br>Auch hierbei spart man Zeit und unn\u00f6tige Arbeitsschritte f\u00fcr die Untersuchung, unteranderem weil die Ausgrabung um den Abwasser bzw. Rohrsystem hinf\u00e4llig. \n<br><br><br>\nBevor die Kamerabefahrung stattfinden kann, wird das Rohr zun\u00e4chst mit speziellen Ger\u00e4ten gereinigt. <br>Anschlie\u00dfend wird die Kamerabefahrung ausgef\u00fchrt. Sie als Kunde k\u00f6nnen auch w\u00e4hrend der Untersuchung \u201e\u00fcber die Schulterschauen\u201c.\n\n\n\n\n\n\nTritt am Rohr unkontrolliert Wasser aus, spricht man von einem Rohrbruch.\n<br>Die Ursache sollte daf\u00fcr schnell gefunden und behoben werden, da auch die Geb\u00e4udesubstanz erheblich besch\u00e4digt werden kann.\n<br><br>M\u00f6gliche Ursachen k\u00f6nnen hierf\u00fcr k\u00f6nnen z. B. das Einfrieren des Rohrs, Materialerm\u00fcdung oder Drucksto\u00df sein.\n\n\n\n\n\n\n\n\n\n\n\n\n\n\n\n\n\n\n\n\n","protected":false},"excerpt":{"rendered":"","protected":false},"author":1,"featured_media":0,"parent":0,"menu_order":0,"comment_status":"closed","ping_status":"closed","template":"","meta":{"footnotes":""},"class_list":["post-18","page","type-page","status-publish","hentry"],"yoast_head":"<!-- This site is optimized with the Yoast SEO plugin v20.9 - https:\/\/yoast.com\/wordpress\/plugins\/seo\/ -->\n<title>- CRS-Salzgitter<\/title>\n<meta name=\"description\" content=\"Ihre professionelle Rohrreinigung f\u00fcr Salzgitter und Umgebung. Wir bieten eine Vielzahl an Dienstleistungen rund um die Rohrreinigung an\" \/>\n<meta name=\"robots\" content=\"index, follow, max-snippet:-1, max-image-preview:large, max-video-preview:-1\" \/>\n<link rel=\"canonical\" href=\"https:\/\/clean-rohr-sz.de\/wp\/\" \/>\n<meta property=\"og:locale\" content=\"de_DE\" \/>\n<meta property=\"og:type\" content=\"article\" \/>\n<meta property=\"og:title\" content=\"- CRS-Salzgitter\" \/>\n<meta property=\"og:description\" content=\"Ihre professionelle Rohrreinigung f\u00fcr Salzgitter und Umgebung. Wir bieten eine Vielzahl an Dienstleistungen rund um die Rohrreinigung an\" \/>\n<meta property=\"og:url\" content=\"https:\/\/clean-rohr-sz.de\/wp\/\" \/>\n<meta property=\"og:site_name\" content=\"CRS-Salzgitter\" \/>\n<meta property=\"article:modified_time\" content=\"2025-09-17T16:26:44+00:00\" \/>\n<meta property=\"og:image\" content=\"https:\/\/clean-rohr-sz.de\/wp\/wp-content\/uploads\/2022\/07\/CRS_Logo_New.png\" \/>\n\t<meta property=\"og:image:width\" content=\"2258\" \/>\n\t<meta property=\"og:image:height\" content=\"1278\" \/>\n\t<meta property=\"og:image:type\" content=\"image\/png\" \/>\n<meta name=\"twitter:card\" content=\"summary_large_image\" \/>\n<meta name=\"twitter:label1\" content=\"Gesch\u00e4tzte Lesezeit\" \/>\n\t<meta name=\"twitter:data1\" content=\"3\u00a0Minuten\" \/>\n<script type=\"application\/ld+json\" class=\"yoast-schema-graph\">{\"@context\":\"https:\/\/schema.org\",\"@graph\":[{\"@type\":\"WebPage\",\"@id\":\"https:\/\/clean-rohr-sz.de\/wp\/\",\"url\":\"https:\/\/clean-rohr-sz.de\/wp\/\",\"name\":\"- CRS-Salzgitter\",\"isPartOf\":{\"@id\":\"https:\/\/clean-rohr-sz.de\/wp\/#website\"},\"datePublished\":\"2022-06-17T20:17:25+00:00\",\"dateModified\":\"2025-09-17T16:26:44+00:00\",\"description\":\"Ihre professionelle Rohrreinigung f\u00fcr Salzgitter und Umgebung. Wir bieten eine Vielzahl an Dienstleistungen rund um die Rohrreinigung an\",\"inLanguage\":\"de\",\"potentialAction\":[{\"@type\":\"ReadAction\",\"target\":[\"https:\/\/clean-rohr-sz.de\/wp\/\"]}]},{\"@type\":\"WebSite\",\"@id\":\"https:\/\/clean-rohr-sz.de\/wp\/#website\",\"url\":\"https:\/\/clean-rohr-sz.de\/wp\/\",\"name\":\"Clean-Rohr-Salzgitter\",\"description\":\"Ihre Rohrreinigung f\u00fcr Salzgitter und Umgebung\",\"publisher\":{\"@id\":\"https:\/\/clean-rohr-sz.de\/wp\/#organization\"},\"alternateName\":\"Clean-Rohr-SZ\",\"potentialAction\":[{\"@type\":\"SearchAction\",\"target\":{\"@type\":\"EntryPoint\",\"urlTemplate\":\"https:\/\/clean-rohr-sz.de\/wp\/?s={search_term_string}\"},\"query-input\":\"required name=search_term_string\"}],\"inLanguage\":\"de\"},{\"@type\":\"Organization\",\"@id\":\"https:\/\/clean-rohr-sz.de\/wp\/#organization\",\"name\":\"Clean-Rohr-Salzgitter\",\"alternateName\":\"Clean-Rohr-SZ\",\"url\":\"https:\/\/clean-rohr-sz.de\/wp\/\",\"logo\":{\"@type\":\"ImageObject\",\"inLanguage\":\"de\",\"@id\":\"https:\/\/clean-rohr-sz.de\/wp\/#\/schema\/logo\/image\/\",\"url\":\"https:\/\/clean-rohr-sz.de\/wp\/wp-content\/uploads\/2022\/07\/CRS_Logo_New.png\",\"contentUrl\":\"https:\/\/clean-rohr-sz.de\/wp\/wp-content\/uploads\/2022\/07\/CRS_Logo_New.png\",\"width\":2258,\"height\":1278,\"caption\":\"Clean-Rohr-Salzgitter\"},\"image\":{\"@id\":\"https:\/\/clean-rohr-sz.de\/wp\/#\/schema\/logo\/image\/\"}}]}<\/script>\n<!-- \/ Yoast SEO plugin. -->","yoast_head_json":{"title":"- CRS-Salzgitter","description":"Ihre professionelle Rohrreinigung f\u00fcr Salzgitter und Umgebung. Wir bieten eine Vielzahl an Dienstleistungen rund um die Rohrreinigung an","robots":{"index":"index","follow":"follow","max-snippet":"max-snippet:-1","max-image-preview":"max-image-preview:large","max-video-preview":"max-video-preview:-1"},"canonical":"https:\/\/clean-rohr-sz.de\/wp\/","og_locale":"de_DE","og_type":"article","og_title":"- CRS-Salzgitter","og_description":"Ihre professionelle Rohrreinigung f\u00fcr Salzgitter und Umgebung. Wir bieten eine Vielzahl an Dienstleistungen rund um die Rohrreinigung an","og_url":"https:\/\/clean-rohr-sz.de\/wp\/","og_site_name":"CRS-Salzgitter","article_modified_time":"2025-09-17T16:26:44+00:00","og_image":[{"width":2258,"height":1278,"url":"https:\/\/clean-rohr-sz.de\/wp\/wp-content\/uploads\/2022\/07\/CRS_Logo_New.png","type":"image\/png"}],"twitter_card":"summary_large_image","twitter_misc":{"Gesch\u00e4tzte Lesezeit":"3\u00a0Minuten"},"schema":{"@context":"https:\/\/schema.org","@graph":[{"@type":"WebPage","@id":"https:\/\/clean-rohr-sz.de\/wp\/","url":"https:\/\/clean-rohr-sz.de\/wp\/","name":"- CRS-Salzgitter","isPartOf":{"@id":"https:\/\/clean-rohr-sz.de\/wp\/#website"},"datePublished":"2022-06-17T20:17:25+00:00","dateModified":"2025-09-17T16:26:44+00:00","description":"Ihre professionelle Rohrreinigung f\u00fcr Salzgitter und Umgebung. Wir bieten eine Vielzahl an Dienstleistungen rund um die Rohrreinigung an","inLanguage":"de","potentialAction":[{"@type":"ReadAction","target":["https:\/\/clean-rohr-sz.de\/wp\/"]}]},{"@type":"WebSite","@id":"https:\/\/clean-rohr-sz.de\/wp\/#website","url":"https:\/\/clean-rohr-sz.de\/wp\/","name":"Clean-Rohr-Salzgitter","description":"Ihre Rohrreinigung f\u00fcr Salzgitter und Umgebung","publisher":{"@id":"https:\/\/clean-rohr-sz.de\/wp\/#organization"},"alternateName":"Clean-Rohr-SZ","potentialAction":[{"@type":"SearchAction","target":{"@type":"EntryPoint","urlTemplate":"https:\/\/clean-rohr-sz.de\/wp\/?s={search_term_string}"},"query-input":"required name=search_term_string"}],"inLanguage":"de"},{"@type":"Organization","@id":"https:\/\/clean-rohr-sz.de\/wp\/#organization","name":"Clean-Rohr-Salzgitter","alternateName":"Clean-Rohr-SZ","url":"https:\/\/clean-rohr-sz.de\/wp\/","logo":{"@type":"ImageObject","inLanguage":"de","@id":"https:\/\/clean-rohr-sz.de\/wp\/#\/schema\/logo\/image\/","url":"https:\/\/clean-rohr-sz.de\/wp\/wp-content\/uploads\/2022\/07\/CRS_Logo_New.png","contentUrl":"https:\/\/clean-rohr-sz.de\/wp\/wp-content\/uploads\/2022\/07\/CRS_Logo_New.png","width":2258,"height":1278,"caption":"Clean-Rohr-Salzgitter"},"image":{"@id":"https:\/\/clean-rohr-sz.de\/wp\/#\/schema\/logo\/image\/"}}]}},"_links":{"self":[{"href":"https:\/\/clean-rohr-sz.de\/wp\/wp-json\/wp\/v2\/pages\/18","targetHints":{"allow":["GET"]}}],"collection":[{"href":"https:\/\/clean-rohr-sz.de\/wp\/wp-json\/wp\/v2\/pages"}],"about":[{"href":"https:\/\/clean-rohr-sz.de\/wp\/wp-json\/wp\/v2\/types\/page"}],"author":[{"embeddable":true,"href":"https:\/\/clean-rohr-sz.de\/wp\/wp-json\/wp\/v2\/users\/1"}],"replies":[{"embeddable":true,"href":"https:\/\/clean-rohr-sz.de\/wp\/wp-json\/wp\/v2\/comments?post=18"}],"version-history":[{"count":132,"href":"https:\/\/clean-rohr-sz.de\/wp\/wp-json\/wp\/v2\/pages\/18\/revisions"}],"predecessor-version":[{"id":503,"href":"https:\/\/clean-rohr-sz.de\/wp\/wp-json\/wp\/v2\/pages\/18\/revisions\/503"}],"wp:attachment":[{"href":"https:\/\/clean-rohr-sz.de\/wp\/wp-json\/wp\/v2\/media?parent=18"}],"curies":[{"name":"wp","href":"https:\/\/api.w.org\/{rel}","templated":true}]}}